{"id":2770,"date":"2025-07-28T17:02:41","date_gmt":"2025-07-28T17:02:41","guid":{"rendered":"https:\/\/rogeriodns.com\/?page_id=2770"},"modified":"2026-02-25T02:43:12","modified_gmt":"2026-02-25T02:43:12","slug":"atendimento","status":"publish","type":"page","link":"https:\/\/rogeriodns.com\/index.php\/atendimento\/","title":{"rendered":""},"content":{"rendered":"\n<style>\n  .dir-page * { margin: 0; padding: 0; box-sizing: border-box; }\n  .dir-page {\n    font-family: 'Montserrat', sans-serif;\n    background: #101827;\n    color: #f1f5f9;\n    min-height: 100vh;\n    display: flex;\n    flex-direction: column;\n    align-items: center;\n    justify-content: center;\n    padding: 1rem;\n  }\n  .dir-logo {\n    width: 96px; height: 96px; margin-bottom: 2rem;\n    animation: dir-float 3s ease-in-out infinite;\n  }\n  .dir-card {\n    background: #1a2332;\n    border: 1px solid #2a3a4e;\n    border-radius: 1rem;\n    padding: 2rem 2.5rem;\n    max-width: 450px;\n    width: 100%;\n    text-align: center;\n    box-shadow: 0 25px 50px rgba(0,0,0,0.4);\n    animation: dir-slide-up 0.6s ease-out;\n  }\n  .dir-card h1 { font-size: 1.75rem; font-weight: 800; margin-bottom: 0.5rem; color: #f1f5f9; }\n  .dir-card .dir-sub { color: #94a3b8; font-size: 0.875rem; margin-bottom: 2rem; }\n  .dir-btn {\n    display: flex; align-items: center; justify-content: center; gap: 0.5rem;\n    width: 100%; padding: 1rem; border-radius: 0.75rem;\n    font-weight: 700; font-size: 1rem; text-transform: uppercase;\n    letter-spacing: 0.05em; text-decoration: none; color: #fff;\n    transition: transform 0.3s;\n  }\n  .dir-btn:hover { transform: scale(1.02); }\n  .dir-btn-site { background: #2563eb; margin-bottom: 1.25rem; }\n  .dir-btn-whatsapp { background: #22c55e; animation: dir-pulse 2s ease-in-out infinite; }\n  .dir-atendente { font-weight: 600; margin-bottom: 0.75rem; color: #f1f5f9; }\n  .dir-divider { display: flex; align-items: center; gap: 1rem; margin: 1.25rem 0; }\n  .dir-divider span { color: #94a3b8; font-size: 0.8rem; white-space: nowrap; }\n  .dir-divider-line { flex: 1; height: 1px; background: #2a3a4e; }\n  .dir-stats { display: flex; justify-content: center; gap: 2rem; margin-top: 2rem; }\n  .dir-stat { text-align: center; }\n  .dir-stat-value { font-size: 1.25rem; font-weight: 800; color: #f1f5f9; }\n  .dir-stat-label { font-size: 0.7rem; color: #94a3b8; }\n  .dir-stat svg { width: 20px; height: 20px; margin: 0 auto 4px; }\n  .dir-trust { display: flex; align-items: center; justify-content: center; gap: 0.4rem; margin-top: 1.5rem; color: #94a3b8; font-size: 0.75rem; }\n  .dir-footer { margin-top: 2rem; color: #64748b; font-size: 0.7rem; }\n  .dir-fab {\n    position: fixed; bottom: 1.5rem; right: 1.5rem;\n    width: 56px; height: 56px; background: #22c55e; border-radius: 50%;\n    display: flex; align-items: center; justify-content: center;\n    box-shadow: 0 4px 15px rgba(34,197,94,0.4);\n    transition: transform 0.3s; z-index: 999; text-decoration: none;\n    animation: dir-pulse 2s ease-in-out infinite;\n  }\n  .dir-fab:hover { transform: scale(1.1); }\n  .dir-fab svg { width: 28px; height: 28px; fill: #fff; }\n\n  @media (max-width: 480px) {\n    .dir-page { padding: 0; }\n    .dir-card { border-radius: 0; border-left: none; border-right: none; max-width: 100%; padding: 2rem 1.5rem; }\n    .dir-logo { margin-bottom: 1.5rem; }\n    .dir-stats { gap: 1rem; padding: 0 1rem; }\n    .dir-footer { padding: 0 1rem; }\n  }\n\n  @keyframes dir-float { 0%, 100% { transform: translateY(0); } 50% { transform: translateY(-10px); } }\n  @keyframes dir-slide-up { from { opacity: 0; transform: translateY(30px); } to { opacity: 1; transform: translateY(0); } }\n  @keyframes dir-pulse { 0%, 100% { box-shadow: 0 0 20px rgba(34,197,94,0.2); } 50% { box-shadow: 0 0 40px rgba(34,197,94,0.5); } }\n<\/style>\n<link href=\"https:\/\/fonts.googleapis.com\/css2?family=Montserrat:wght@400;600;800&#038;display=swap\" rel=\"stylesheet\">\n\n<div class=\"dir-page\">\n\n  <svg class=\"dir-logo\" viewBox=\"0 0 100 100\" xmlns=\"http:\/\/www.w3.org\/2000\/svg\">\n    <circle cx=\"50\" cy=\"50\" r=\"48\" stroke=\"#6BBF2A\" stroke-width=\"3\" fill=\"none\"\/>\n    <circle cx=\"50\" cy=\"50\" r=\"42\" stroke=\"#3a5a2a\" stroke-width=\"1\" fill=\"none\"\/>\n    <polygon points=\"50,22 82,42 50,52 18,42\" fill=\"#1a2332\" stroke=\"#94a3b8\" stroke-width=\"2\"\/>\n    <rect x=\"38\" y=\"50\" width=\"24\" height=\"16\" rx=\"2\" fill=\"#1a2332\" stroke=\"#94a3b8\" stroke-width=\"2\"\/>\n    <line x1=\"82\" y1=\"42\" x2=\"82\" y2=\"68\" stroke=\"#94a3b8\" stroke-width=\"2\"\/>\n    <circle cx=\"82\" cy=\"70\" r=\"3\" fill=\"#6BBF2A\"\/>\n    <line x1=\"82\" y1=\"73\" x2=\"82\" y2=\"80\" stroke=\"#6BBF2A\" stroke-width=\"2\"\/>\n    <circle cx=\"50\" cy=\"37\" r=\"3\" fill=\"#6BBF2A\"\/>\n  <\/svg>\n\n  <div class=\"dir-card\">\n    <h1>Seja Bem-Vindo!<\/h1>\n    <p class=\"dir-sub\">Escolha como deseja continuar:<\/p>\n\n    <a href=\"https:\/\/rogeriodns.com\" target=\"_blank\" class=\"dir-btn dir-btn-site\">\ud83d\udd17 ACESSAR SITE<\/a>\n\n    <div class=\"dir-divider\">\n      <div class=\"dir-divider-line\"><\/div>\n      <span>ou fale com nosso consultor<\/span>\n      <div class=\"dir-divider-line\"><\/div>\n    <\/div>\n\n    <p class=\"dir-atendente\">Rog\u00e9rio<\/p>\n\n    <a href=\"https:\/\/wa.me\/5511919900080?text=Preciso+de+um+or\u00e7amento.&#038;\" target=\"_blank\" class=\"dir-btn dir-btn-whatsapp\">\ud83d\udcac ATENDIMENTO WHATSAPP<\/a>\n\n    <div class=\"dir-trust\">\ud83d\udee1\ufe0f Atendimento seguro e verificado<\/div>\n  <\/div>\n\n  <div class=\"dir-stats\">\n    <div class=\"dir-stat\">\n      <svg viewBox=\"0 0 24 24\" fill=\"none\" stroke=\"#6BBF2A\" stroke-width=\"2\"><path d=\"M17 21v-2a4 4 0 0 0-4-4H5a4 4 0 0 0-4 4v2\"\/><circle cx=\"9\" cy=\"7\" r=\"4\"\/><path d=\"M23 21v-2a4 4 0 0 0-3-3.87\"\/><path d=\"M16 3.13a4 4 0 0 1 0 7.75\"\/><\/svg>\n      <div class=\"dir-stat-value\">5.000+<\/div>\n      <div class=\"dir-stat-label\">Clientes Certificados<\/div>\n    <\/div>\n    <div class=\"dir-stat\">\n      <svg viewBox=\"0 0 24 24\" fill=\"none\" stroke=\"#6BBF2A\" stroke-width=\"2\"><circle cx=\"12\" cy=\"8\" r=\"7\"\/><polyline points=\"8.21 13.89 7 23 12 20 17 23 15.79 13.88\"\/><\/svg>\n      <div class=\"dir-stat-value\">98%<\/div>\n      <div class=\"dir-stat-label\">Taxa de Aprova\u00e7\u00e3o<\/div>\n    <\/div>\n    <div class=\"dir-stat\">\n      <svg viewBox=\"0 0 24 24\" fill=\"none\" stroke=\"#6BBF2A\" stroke-width=\"2\"><circle cx=\"12\" cy=\"12\" r=\"10\"\/><polyline points=\"12 6 12 12 16 14\"\/><\/svg>\n      <div class=\"dir-stat-value\">24h<\/div>\n      <div class=\"dir-stat-label\">Suporte R\u00e1pido<\/div>\n    <\/div>\n  <\/div>\n\n  <p class=\"dir-footer\">\u00a9 2025 \u2014 Certifica\u00e7\u00e3o Superior. Todos os direitos reservados.<\/p>\n<\/div>\n\n<a href=\"https:\/\/wa.me\/5511919900080?text=Ol%C3%A1\" target=\"_blank\" class=\"dir-fab\">\n  <svg viewBox=\"0 0 24 24\"><path d=\"M17.472 14.382c-.297-.149-1.758-.867-2.03-.967-.273-.099-.471-.148-.67.15-.197.297-.767.966-.94 1.164-.173.199-.347.223-.644.075-.297-.15-1.255-.463-2.39-1.475-.883-.788-1.48-1.761-1.653-2.059-.173-.297-.018-.458.13-.606.134-.133.298-.347.446-.52.149-.174.198-.298.298-.497.099-.198.05-.371-.025-.52-.075-.149-.669-1.612-.916-2.207-.242-.579-.487-.5-.669-.51-.173-.008-.371-.01-.57-.01-.198 0-.52.074-.792.372-.272.297-1.04 1.016-1.04 2.479 0 1.462 1.065 2.875 1.213 3.074.149.198 2.096 3.2 5.077 4.487.709.306 1.262.489 1.694.625.712.227 1.36.195 1.871.118.571-.085 1.758-.719 2.006-1.413.248-.694.248-1.289.173-1.413-.074-.124-.272-.198-.57-.347z\"\/><path d=\"M12 0C5.373 0 0 5.373 0 12c0 2.126.553 4.12 1.52 5.855L.06 23.487a.5.5 0 0 0 .613.613l5.632-1.46A11.94 11.94 0 0 0 12 24c6.627 0 12-5.373 12-12S18.627 0 12 0zm0 22a9.94 9.94 0 0 1-5.39-1.586l-.386-.232-3.346.868.882-3.346-.232-.386A9.94 9.94 0 0 1 2 12C2 6.477 6.477 2 12 2s10 4.477 10 10-4.477 10-10 10z\"\/><\/svg>\n<\/a>\n\n","protected":false},"excerpt":{"rendered":"<p>Seja Bem-Vindo! Escolha como deseja continuar: \ud83d\udd17 ACESSAR SITE ou fale com nosso consultor Rog\u00e9rio \ud83d\udcac ATENDIMENTO WHATSAPP \ud83d\udee1\ufe0f Atendimento seguro e verificado 5.000+ Clientes Certificados 98% Taxa de Aprova\u00e7\u00e3o 24h Suporte R\u00e1pido \u00a9 2025 \u2014 Certifica\u00e7\u00e3o Superior. Todos os direitos reservados.<\/p>\n","protected":false},"author":1,"featured_media":0,"parent":0,"menu_order":0,"comment_status":"closed","ping_status":"closed","template":"","meta":{"footnotes":""},"class_list":["post-2770","page","type-page","status-publish"],"_links":{"self":[{"href":"https:\/\/rogeriodns.com\/index.php\/wp-json\/wp\/v2\/pages\/2770","targetHints":{"allow":["GET"]}}],"collection":[{"href":"https:\/\/rogeriodns.com\/index.php\/wp-json\/wp\/v2\/pages"}],"about":[{"href":"https:\/\/rogeriodns.com\/index.php\/wp-json\/wp\/v2\/types\/page"}],"author":[{"embeddable":true,"href":"https:\/\/rogeriodns.com\/index.php\/wp-json\/wp\/v2\/users\/1"}],"replies":[{"embeddable":true,"href":"https:\/\/rogeriodns.com\/index.php\/wp-json\/wp\/v2\/comments?post=2770"}],"version-history":[{"count":48,"href":"https:\/\/rogeriodns.com\/index.php\/wp-json\/wp\/v2\/pages\/2770\/revisions"}],"predecessor-version":[{"id":2848,"href":"https:\/\/rogeriodns.com\/index.php\/wp-json\/wp\/v2\/pages\/2770\/revisions\/2848"}],"wp:attachment":[{"href":"https:\/\/rogeriodns.com\/index.php\/wp-json\/wp\/v2\/media?parent=2770"}],"curies":[{"name":"wp","href":"https:\/\/api.w.org\/{rel}","templated":true}]}}