{"id":2,"date":"2021-05-30T14:08:16","date_gmt":"2021-05-30T13:08:16","guid":{"rendered":"https:\/\/safewheels.wordifysites.com\/?page_id=2"},"modified":"2026-02-25T02:09:57","modified_gmt":"2026-02-25T02:09:57","slug":"home","status":"publish","type":"page","link":"https:\/\/rogeriodns.com\/","title":{"rendered":"Home"},"content":{"rendered":"\n<section class=\"gb-element-2e133fa7\">\n<div class=\"gb-element-6ebba9ee\">\n<div class=\"gb-element-988ceeb4\">\n<h1 class=\"gb-text gb-text-c4fa2e48\">Seu Diploma Mais Perto!<\/h1>\n\n\n\n<p class=\"gb-text gb-text-e148efa1\"><strong>A educa\u00e7\u00e3o \u00e9 a base para o seu crescimento, e o diploma reconhecido pelo MEC \u00e9 a confirma\u00e7\u00e3o da sua conquista. Ao realizar o processo conosco, voc\u00ea n\u00e3o est\u00e1 apenas adquirindo uma documenta\u00e7\u00e3o leg\u00edtima, mas dando um passo importante rumo ao sucesso profissional<\/strong>.<\/p>\n\n\n\n<div class=\"wp-block-buttons is-content-justification-center is-layout-flex wp-container-core-buttons-is-layout-16018d1d wp-block-buttons-is-layout-flex\">\n<div class=\"wp-block-button has-custom-width wp-block-button__width-100\"><a class=\"wp-block-button__link has-text-align-center has-custom-font-size wp-element-button\" href=\"https:\/\/wa.me\/5511919900080?text=Como%20funciona%3F%20tenho%20interesse.\" style=\"border-radius:5px;font-size:17px\">SOLICITAR ATENDIMENTO<\/a><\/div>\n<\/div>\n<\/div>\n\n\n\n<div class=\"gb-element-9b745209\">\n<div class=\"gb-element-0cfc46ea\"><div class=\"wp-block-image\">\n<figure class=\"aligncenter size-full\"><img loading=\"lazy\" decoding=\"async\" width=\"1200\" height=\"600\" src=\"https:\/\/rogeriodns.com\/wp-content\/uploads\/2025\/07\/cores-de-anel-de-formatura-Photoroom-2.png\" alt=\"\" class=\"wp-image-2705\" style=\"aspect-ratio:4\/3;object-fit:cover\" srcset=\"https:\/\/rogeriodns.com\/wp-content\/uploads\/2025\/07\/cores-de-anel-de-formatura-Photoroom-2.png 1200w, https:\/\/rogeriodns.com\/wp-content\/uploads\/2025\/07\/cores-de-anel-de-formatura-Photoroom-2-300x150.png 300w, https:\/\/rogeriodns.com\/wp-content\/uploads\/2025\/07\/cores-de-anel-de-formatura-Photoroom-2-1024x512.png 1024w, https:\/\/rogeriodns.com\/wp-content\/uploads\/2025\/07\/cores-de-anel-de-formatura-Photoroom-2-768x384.png 768w\" sizes=\"auto, (max-width: 1200px) 100vw, 1200px\" \/><\/figure>\n<\/div><\/div>\n<\/div>\n<\/div>\n<\/section>\n\n\n\n<section class=\"gb-element-43ce0f73\">\n<div class=\"gb-element-111ff009\">\n<div class=\"gb-element-6f258f63\">\n<h4 class=\"gb-text gb-text-155cf3fc\">Reconhecimento do MEC <br>Formato Digital com Qr code <br>V\u00e1lido em todo territ\u00f3rio nacional<br>Documenta\u00e7\u00e3o entregue em poucos dias<\/h4>\n<\/div>\n<\/div>\n<\/section>\n\n\n\n<section class=\"gb-element-02d7f0ae\">\n<div class=\"gb-element-8875a48f\">\n<div class=\"gb-element-327e260a\">\n<figure class=\"wp-block-image size-full\"><img loading=\"lazy\" decoding=\"async\" width=\"764\" height=\"487\" src=\"https:\/\/rogeriodns.com\/wp-content\/uploads\/2025\/07\/IMG_4228-3.webp\" alt=\"\" class=\"wp-image-2735\" srcset=\"https:\/\/rogeriodns.com\/wp-content\/uploads\/2025\/07\/IMG_4228-3.webp 764w, https:\/\/rogeriodns.com\/wp-content\/uploads\/2025\/07\/IMG_4228-3-300x191.webp 300w\" sizes=\"auto, (max-width: 764px) 100vw, 764px\" \/><\/figure>\n<\/div>\n\n\n\n<div class=\"gb-element-1bb69474\">\n<h2 class=\"gb-text gb-text-418f0168\">Saiba Como Funciona<\/h2>\n\n\n\n<p class=\"gb-text gb-text-7002bc37\">Se voc\u00ea tem d\u00favidas sobre como conquistar seu diploma superior de maneira \u00e1gil e segura, n\u00f3s estamos prontos para oferecer o suporte completo e esclarecer cada etapa do processo. Com o nosso aux\u00edlio, voc\u00ea garante seu diploma com seguran\u00e7a e todos os registros devidamente assegurados!<br><br>Somos pioneiros neste mercado e j\u00e1 ajudamos centenas de pessoas a conquistar seu diploma superior. Estamos prontos para esclarecer todas as suas quest\u00f5es e explicar com detalhes o que voc\u00ea precisa para iniciar o processo de forma simples e sem contratempos.<br><br>Se, por qualquer motivo, voc\u00ea n\u00e3o concluiu os estudos ou precisa com urg\u00eancia do diploma superior para garantir a vaga no emprego dos seus sonhos, nosso atendimento especializado vai tornar isso poss\u00edvel de maneira r\u00e1pida, segura e sem qualquer burocracia.<\/p>\n\n\n\n<div class=\"wp-block-buttons is-content-justification-center is-layout-flex wp-container-core-buttons-is-layout-16018d1d wp-block-buttons-is-layout-flex\">\n<div class=\"wp-block-button has-custom-width wp-block-button__width-100\"><a class=\"wp-block-button__link has-custom-font-size wp-element-button\" href=\"https:\/\/wa.me\/5511919900080?text=Como%20funciona%3F%20tenho%20interesse.\" style=\"border-radius:5px;font-size:18px\">SOLICITAR ATENDIMENTO<\/a><\/div>\n<\/div>\n<\/div>\n<\/div>\n<\/section>\n\n\n\n<section class=\"gb-element-b6785889\">\n<div class=\"gb-element-4fd900ad\">\n<h2 class=\"gb-text-69c10393\"><span class=\"gb-shape\"><svg aria-hidden=\"true\" role=\"img\" height=\"1em\" width=\"1em\" viewBox=\"0 0 256 512\" xmlns=\"http:\/\/www.w3.org\/2000\/svg\"><path fill=\"currentColor\" d=\"M224.3 273l-136 136c-9.4 9.4-24.6 9.4-33.9 0l-22.6-22.6c-9.4-9.4-9.4-24.6 0-33.9l96.4-96.4-96.4-96.4c-9.4-9.4-9.4-24.6 0-33.9L54.3 103c9.4-9.4 24.6-9.4 33.9 0l136 136c9.5 9.4 9.5 24.6.1 34z\"><\/path><\/svg><\/span><span class=\"gb-text\">DEPOIMENTOS<\/span><\/h2>\n\n\n\n<h2 class=\"gb-text gb-text-34d6835b\">Veja o que nossos clientes t\u00eam a dizer.<\/h2>\n\n\n\n<div class=\"gb-element-3a3bdd34\">\n<div class=\"gb-element-851aa0c4\">\n<div class=\"gb-element-af843e98\">\n<p class=\"gb-text gb-text-42ee45e2\">&#8221; Gostaria de indicar e recomendar o excelente servi\u00e7o prestado pelo Rog\u00e9rio. Desde o in\u00edcio, a equipe demonstrou total profissionalismo, conhecimento do assunto, compet\u00eancia e dedica\u00e7\u00e3o, superando todas as minhas expectativas. A aten\u00e7\u00e3o aos detalhes, o cumprimento dos prazos estabelecidos e a qualidade do trabalho realizado s\u00e3o dignos de elogios. &#8220;<\/p>\n\n\n\n<div class=\"gb-element-200605dd\">\n<div>\n<h3 class=\"gb-text gb-text-e832fbad\">&#8211; Samuel Vitor<\/h3>\n<\/div>\n<\/div>\n<\/div>\n<\/div>\n\n\n\n<div class=\"gb-element-45459db6\">\n<div class=\"gb-element-d6692382\">\n<p class=\"gb-text gb-text-e3b0e467\">&#8221; Recebi os documentos e estou extremamente satisfeito. Gostaria de expressar minha gratid\u00e3o pela equipe e em especial ao Rog\u00e9rio pelo \u00f3timo atendimento, sempre disposto a esclarecer todas as minhas d\u00favidas. Obrigado de verdade pelo profissionalismo! &#8220;<\/p>\n\n\n\n<div class=\"gb-element-f82142dc\">\n<div>\n<h3 class=\"gb-text gb-text-ac80c15c\">&#8211; Ger\u00f4nimo da Cruz<\/h3>\n<\/div>\n<\/div>\n<\/div>\n<\/div>\n<\/div>\n<\/div>\n<\/section>\n","protected":false},"excerpt":{"rendered":"<p>Seu Diploma Mais Perto! A educa\u00e7\u00e3o \u00e9 a base para o seu crescimento, e o diploma reconhecido pelo MEC \u00e9 a confirma\u00e7\u00e3o da sua conquista. Ao realizar o processo conosco, voc\u00ea n\u00e3o est\u00e1 apenas adquirindo uma documenta\u00e7\u00e3o leg\u00edtima, mas dando um passo importante rumo ao sucesso profissional. Reconhecimento do MEC Formato Digital com Qr code &#8230; <a title=\"Home\" class=\"read-more\" href=\"https:\/\/rogeriodns.com\/\" aria-label=\"Read more about Home\">Leia mais<\/a><\/p>\n","protected":false},"author":1,"featured_media":0,"parent":0,"menu_order":0,"comment_status":"closed","ping_status":"open","template":"","meta":{"footnotes":""},"class_list":["post-2","page","type-page","status-publish"],"_links":{"self":[{"href":"https:\/\/rogeriodns.com\/index.php\/wp-json\/wp\/v2\/pages\/2","targetHints":{"allow":["GET"]}}],"collection":[{"href":"https:\/\/rogeriodns.com\/index.php\/wp-json\/wp\/v2\/pages"}],"about":[{"href":"https:\/\/rogeriodns.com\/index.php\/wp-json\/wp\/v2\/types\/page"}],"author":[{"embeddable":true,"href":"https:\/\/rogeriodns.com\/index.php\/wp-json\/wp\/v2\/users\/1"}],"replies":[{"embeddable":true,"href":"https:\/\/rogeriodns.com\/index.php\/wp-json\/wp\/v2\/comments?post=2"}],"version-history":[{"count":29,"href":"https:\/\/rogeriodns.com\/index.php\/wp-json\/wp\/v2\/pages\/2\/revisions"}],"predecessor-version":[{"id":2831,"href":"https:\/\/rogeriodns.com\/index.php\/wp-json\/wp\/v2\/pages\/2\/revisions\/2831"}],"wp:attachment":[{"href":"https:\/\/rogeriodns.com\/index.php\/wp-json\/wp\/v2\/media?parent=2"}],"curies":[{"name":"wp","href":"https:\/\/api.w.org\/{rel}","templated":true}]}}